{"id":1085,"date":"2017-01-30T11:25:45","date_gmt":"2017-01-30T16:25:45","guid":{"rendered":"https:\/\/logicthermal.wpengine.com\/?page_id=1085"},"modified":"2017-02-03T16:28:18","modified_gmt":"2017-02-03T21:28:18","slug":"bain-de-sel","status":"publish","type":"page","link":"https:\/\/logicthermal.com\/fr\/produits2\/four-industriel\/bain-de-sel\/","title":{"rendered":"Bain de sel"},"content":{"rendered":"<p><img loading=\"lazy\" decoding=\"async\" class=\"alignnone size-medium wp-image-738\" src=\"https:\/\/logicthermal.wpengine.com\/wp-content\/uploads\/2016\/02\/remise_neuf-225x300.jpg\" alt=\"remise_neuf\" width=\"225\" height=\"300\" srcset=\"https:\/\/logicthermal.com\/wp-content\/uploads\/2016\/02\/remise_neuf-225x300.jpg 225w, https:\/\/logicthermal.com\/wp-content\/uploads\/2016\/02\/remise_neuf-409x545.jpg 409w, https:\/\/logicthermal.com\/wp-content\/uploads\/2016\/02\/remise_neuf-555x740.jpg 555w, https:\/\/logicthermal.com\/wp-content\/uploads\/2016\/02\/remise_neuf-471x628.jpg 471w, https:\/\/logicthermal.com\/wp-content\/uploads\/2016\/02\/remise_neuf.jpg 621w\" sizes=\"auto, (max-width: 225px) 100vw, 225px\" \/><\/p>\n<p>&nbsp;<\/p>\n<p>Nous fabriquons et r\u00e9parons les bains de sel pour le traitement thermique. Tous d\u00e9pendant de la dimension, nous pouvons les fabriquer \u00e0 notre usine ou la votre. Notre \u00e9quipe sp\u00e9cialis\u00e9 se d\u00e9place pour r\u00e9parer ou la remise a neuf.<\/p>","protected":false},"excerpt":{"rendered":"<p>&nbsp; Nous fabriquons et r\u00e9parons les bains de sel pour le traitement thermique. Tous d\u00e9pendant de la dimension, nous pouvons les fabriquer \u00e0 notre usine ou la votre. Notre \u00e9quipe sp\u00e9cialis\u00e9 se d\u00e9place pour r\u00e9parer ou la remise a neuf.<\/p>\n","protected":false},"author":2,"featured_media":0,"parent":827,"menu_order":0,"comment_status":"closed","ping_status":"closed","template":"","meta":{"footnotes":""},"class_list":["post-1085","page","type-page","status-publish","hentry"],"_links":{"self":[{"href":"https:\/\/logicthermal.com\/fr\/wp-json\/wp\/v2\/pages\/1085","targetHints":{"allow":["GET"]}}],"collection":[{"href":"https:\/\/logicthermal.com\/fr\/wp-json\/wp\/v2\/pages"}],"about":[{"href":"https:\/\/logicthermal.com\/fr\/wp-json\/wp\/v2\/types\/page"}],"author":[{"embeddable":true,"href":"https:\/\/logicthermal.com\/fr\/wp-json\/wp\/v2\/users\/2"}],"replies":[{"embeddable":true,"href":"https:\/\/logicthermal.com\/fr\/wp-json\/wp\/v2\/comments?post=1085"}],"version-history":[{"count":0,"href":"https:\/\/logicthermal.com\/fr\/wp-json\/wp\/v2\/pages\/1085\/revisions"}],"up":[{"embeddable":true,"href":"https:\/\/logicthermal.com\/fr\/wp-json\/wp\/v2\/pages\/827"}],"wp:attachment":[{"href":"https:\/\/logicthermal.com\/fr\/wp-json\/wp\/v2\/media?parent=1085"}],"curies":[{"name":"wp","href":"https:\/\/api.w.org\/{rel}","templated":true}]}}