{"id":19,"date":"2016-02-13T14:10:47","date_gmt":"2016-02-13T14:10:47","guid":{"rendered":"https:\/\/demo.djmimi.net\/themes\/industry\/?page_id=19"},"modified":"2016-11-22T15:30:18","modified_gmt":"2016-11-22T20:30:18","slug":"services","status":"publish","type":"page","link":"https:\/\/logicthermal.com\/fr\/services\/","title":{"rendered":"Services"},"content":{"rendered":"<p>[vc_row][vc_column width=&#8221;1\/2&#8243;]<div class=\"page-item top-media\">\r\n\t\t\t\t<a href=\"https:\/\/logicthermal.com\/fr\/services\/installation\/\" class=\"page-media\"><img loading=\"lazy\" decoding=\"async\" width=\"360\" height=\"203\" src=\"https:\/\/logicthermal.com\/wp-content\/uploads\/2016\/02\/installation-409x273-360x203.jpg\" class=\"attachment-industry-box-thumb size-industry-box-thumb wp-post-image\" alt=\"\" \/><\/a>\r\n\t\t\t\t<div class=\"page-item-content\">\r\n\t\t\t\t\t<h5>Installation<\/h5>\r\n\t\t\t\t\t<p>Logic Thermal compte sur une \u00e9quipe d'\u00e9lectriciens, d\u2019\u00e9lectrom\u00e9caniciens et de ma\u00e7ons sp\u00e9cialis\u00e9s pour effectuer des installations sp\u00e9cifiques...<\/p>\r\n\t\t\t\t\t<a href=\"https:\/\/logicthermal.com\/fr\/services\/installation\/\" class=\"read-more header-font\">Continuer \u00e0 lire<\/a>\r\n\t\t\t\t<\/div>\r\n\t\t\t<\/div>[vc_empty_space height=&#8221;15px&#8221;][\/vc_column][vc_column width=&#8221;1\/2&#8243;]<div class=\"page-item top-media\">\r\n\t\t\t\t<a href=\"https:\/\/logicthermal.com\/fr\/services\/remise-a-neuf\/\" class=\"page-media\"><img loading=\"lazy\" decoding=\"async\" width=\"360\" height=\"203\" src=\"https:\/\/logicthermal.com\/wp-content\/uploads\/2016\/02\/remise_neuf-360x203.jpg\" class=\"attachment-industry-box-thumb size-industry-box-thumb wp-post-image\" alt=\"\" \/><\/a>\r\n\t\t\t\t<div class=\"page-item-content\">\r\n\t\t\t\t\t<h5>Remise \u00e0 neuf<\/h5>\r\n\t\t\t\t\t<p>Logic Thermal se sp\u00e9cialise dans la remise \u00e0 neuf de divers syst\u00e8mes de chauffage industriel, allant du petit four aux lignes de production d\u00e9su\u00e8tes...<\/p>\r\n\t\t\t\t\t<a href=\"https:\/\/logicthermal.com\/fr\/services\/remise-a-neuf\/\" class=\"read-more header-font\">Continuer \u00e0 lire<\/a>\r\n\t\t\t\t<\/div>\r\n\t\t\t<\/div>[vc_empty_space height=&#8221;15px&#8221;][\/vc_column][\/vc_row][vc_row][vc_column width=&#8221;1\/2&#8243;]<div class=\"page-item top-media\">\r\n\t\t\t\t<a href=\"https:\/\/logicthermal.com\/fr\/services\/inspection-thermique\/\" class=\"page-media\"><img loading=\"lazy\" decoding=\"async\" width=\"360\" height=\"203\" src=\"https:\/\/logicthermal.com\/wp-content\/uploads\/2016\/02\/inspection-409x273-360x203.jpg\" class=\"attachment-industry-box-thumb size-industry-box-thumb wp-post-image\" alt=\"\" \/><\/a>\r\n\t\t\t\t<div class=\"page-item-content\">\r\n\t\t\t\t\t<h5>Inspection thermique<\/h5>\r\n\t\t\t\t\t<p>Logic Thermal vous propose une \u00e9valuation de vos \u00e9quipements afin d\u2019identifier les pertes \u00e9nerg\u00e9tiques. \u00c0 l\u2019aide d\u2019outils \u00e0 la fine pointe...<\/p>\r\n\t\t\t\t\t<a href=\"https:\/\/logicthermal.com\/fr\/services\/inspection-thermique\/\" class=\"read-more header-font\">Continuer \u00e0 lire<\/a>\r\n\t\t\t\t<\/div>\r\n\t\t\t<\/div>[vc_empty_space height=&#8221;15px&#8221;][\/vc_column][vc_column width=&#8221;1\/2&#8243;]<div class=\"page-item top-media\">\r\n\t\t\t\t<a href=\"https:\/\/logicthermal.com\/fr\/services\/depannage\/\" class=\"page-media\"><img loading=\"lazy\" decoding=\"async\" width=\"360\" height=\"203\" src=\"https:\/\/logicthermal.com\/wp-content\/uploads\/2016\/02\/depannage2-409x273-360x203.jpg\" class=\"attachment-industry-box-thumb size-industry-box-thumb wp-post-image\" alt=\"\" \/><\/a>\r\n\t\t\t\t<div class=\"page-item-content\">\r\n\t\t\t\t\t<h5>D\u00e9pannage<\/h5>\r\n\t\t\t\t\t<p>Les \u00e9lectriciens et \u00e9lectrom\u00e9caniciens de Logic Thermal poss\u00e8dent une grande exp\u00e9rience dans les proc\u00e9d\u00e9s de chauffage...<\/p>\r\n\t\t\t\t\t<a href=\"https:\/\/logicthermal.com\/fr\/services\/depannage\/\" class=\"read-more header-font\">Continuer \u00e0 lire<\/a>\r\n\t\t\t\t<\/div>\r\n\t\t\t<\/div>[vc_empty_space height=&#8221;15px&#8221;][\/vc_column][\/vc_row]<\/p>\n","protected":false},"excerpt":{"rendered":"<p>[vc_row][vc_column width=&#8221;1\/2&#8243;][vc_empty_space height=&#8221;15px&#8221;][\/vc_column][vc_column width=&#8221;1\/2&#8243;][vc_empty_space height=&#8221;15px&#8221;][\/vc_column][\/vc_row][vc_row][vc_column width=&#8221;1\/2&#8243;][vc_empty_space height=&#8221;15px&#8221;][\/vc_column][vc_column width=&#8221;1\/2&#8243;][vc_empty_space height=&#8221;15px&#8221;][\/vc_column][\/vc_row]<\/p>\n","protected":false},"author":1,"featured_media":0,"parent":0,"menu_order":0,"comment_status":"closed","ping_status":"closed","template":"page-tpl_full_width.php","meta":{"footnotes":""},"class_list":["post-19","page","type-page","status-publish","hentry"],"_links":{"self":[{"href":"https:\/\/logicthermal.com\/fr\/wp-json\/wp\/v2\/pages\/19","targetHints":{"allow":["GET"]}}],"collection":[{"href":"https:\/\/logicthermal.com\/fr\/wp-json\/wp\/v2\/pages"}],"about":[{"href":"https:\/\/logicthermal.com\/fr\/wp-json\/wp\/v2\/types\/page"}],"author":[{"embeddable":true,"href":"https:\/\/logicthermal.com\/fr\/wp-json\/wp\/v2\/users\/1"}],"replies":[{"embeddable":true,"href":"https:\/\/logicthermal.com\/fr\/wp-json\/wp\/v2\/comments?post=19"}],"version-history":[{"count":0,"href":"https:\/\/logicthermal.com\/fr\/wp-json\/wp\/v2\/pages\/19\/revisions"}],"wp:attachment":[{"href":"https:\/\/logicthermal.com\/fr\/wp-json\/wp\/v2\/media?parent=19"}],"curies":[{"name":"wp","href":"https:\/\/api.w.org\/{rel}","templated":true}]}}