{"id":25,"date":"2016-02-13T14:11:57","date_gmt":"2016-02-13T14:11:57","guid":{"rendered":"https:\/\/demo.djmimi.net\/themes\/industry\/?page_id=25"},"modified":"2017-02-03T16:36:57","modified_gmt":"2017-02-03T21:36:57","slug":"remise-a-neuf","status":"publish","type":"page","link":"https:\/\/logicthermal.com\/fr\/services\/remise-a-neuf\/","title":{"rendered":"Remise \u00e0 neuf"},"content":{"rendered":"<p><span style=\"font-weight: 400;\">[vc_row][vc_column width=&#8221;1\/2&#8243;][vc_column_text]<img loading=\"lazy\" decoding=\"async\" class=\"alignnone size-medium wp-image-1115\" src=\"https:\/\/logicthermal.wpengine.com\/wp-content\/uploads\/2016\/02\/shutterstock_531845887-300x200.jpg\" alt=\"shutterstock_531845887\" width=\"300\" height=\"200\" srcset=\"https:\/\/logicthermal.com\/wp-content\/uploads\/2016\/02\/shutterstock_531845887-300x200.jpg 300w, https:\/\/logicthermal.com\/wp-content\/uploads\/2016\/02\/shutterstock_531845887-768x512.jpg 768w, https:\/\/logicthermal.com\/wp-content\/uploads\/2016\/02\/shutterstock_531845887-1024x683.jpg 1024w, https:\/\/logicthermal.com\/wp-content\/uploads\/2016\/02\/shutterstock_531845887-900x600.jpg 900w, https:\/\/logicthermal.com\/wp-content\/uploads\/2016\/02\/shutterstock_531845887-409x273.jpg 409w, https:\/\/logicthermal.com\/wp-content\/uploads\/2016\/02\/shutterstock_531845887-555x370.jpg 555w, https:\/\/logicthermal.com\/wp-content\/uploads\/2016\/02\/shutterstock_531845887-471x314.jpg 471w, https:\/\/logicthermal.com\/wp-content\/uploads\/2016\/02\/shutterstock_531845887-653x435.jpg 653w\" sizes=\"auto, (max-width: 300px) 100vw, 300px\" \/>[\/vc_column_text][\/vc_column][vc_column width=&#8221;1\/2&#8243;][vc_column_text]<img loading=\"lazy\" decoding=\"async\" class=\"alignnone size-medium wp-image-1116\" src=\"https:\/\/logicthermal.wpengine.com\/wp-content\/uploads\/2016\/02\/shutterstock_93445330-300x200.jpg\" alt=\"shutterstock_93445330\" width=\"300\" height=\"200\" srcset=\"https:\/\/logicthermal.com\/wp-content\/uploads\/2016\/02\/shutterstock_93445330-300x200.jpg 300w, https:\/\/logicthermal.com\/wp-content\/uploads\/2016\/02\/shutterstock_93445330-768x512.jpg 768w, https:\/\/logicthermal.com\/wp-content\/uploads\/2016\/02\/shutterstock_93445330-1024x683.jpg 1024w, https:\/\/logicthermal.com\/wp-content\/uploads\/2016\/02\/shutterstock_93445330-900x600.jpg 900w, https:\/\/logicthermal.com\/wp-content\/uploads\/2016\/02\/shutterstock_93445330-409x273.jpg 409w, https:\/\/logicthermal.com\/wp-content\/uploads\/2016\/02\/shutterstock_93445330-555x370.jpg 555w, https:\/\/logicthermal.com\/wp-content\/uploads\/2016\/02\/shutterstock_93445330-471x314.jpg 471w, https:\/\/logicthermal.com\/wp-content\/uploads\/2016\/02\/shutterstock_93445330-653x435.jpg 653w\" sizes=\"auto, (max-width: 300px) 100vw, 300px\" \/>[\/vc_column_text][\/vc_column][\/vc_row][vc_row css=&#8221;.vc_custom_1455449309171{margin-top: 30px !important;}&#8221;][vc_column][vc_column_text]Logic Thermal se sp\u00e9cialise dans la remise \u00e0 neuf de divers syst\u00e8mes de chauffage industriel, allant du petit four aux lignes de production d\u00e9su\u00e8tes. Notre \u00e9quipe de ma\u00e7onnerie est sp\u00e9cialis\u00e9e dans les r\u00e9fractaires sur tous les types de fours et lignes de production. En plus d\u2019en faire la remise \u00e0 neuf, nous vous proposons une \u00e9valuation de vos \u00e9quipements, afin de vous proposer des solutions ax\u00e9es sur un meilleur rendement. <\/span>[\/vc_column_text][\/vc_column][\/vc_row]<\/p>","protected":false},"excerpt":{"rendered":"<p>[vc_row][vc_column width=&#8221;1\/2&#8243;][vc_column_text][\/vc_column_text][\/vc_column][vc_column width=&#8221;1\/2&#8243;][vc_column_text][\/vc_column_text][\/vc_column][\/vc_row][vc_row css=&#8221;.vc_custom_1455449309171{margin-top: 30px !important;}&#8221;][vc_column][vc_column_text]Logic Thermal se sp\u00e9cialise dans la remise \u00e0 neuf de divers syst\u00e8mes de chauffage industriel, allant du petit four aux lignes de production d\u00e9su\u00e8tes. Notre \u00e9quipe de ma\u00e7onnerie est sp\u00e9cialis\u00e9e dans les r\u00e9fractaires sur tous les types de fours et lignes de production. En plus d\u2019en faire la remise \u00e0 [&hellip;]<\/p>\n","protected":false},"author":1,"featured_media":738,"parent":19,"menu_order":0,"comment_status":"closed","ping_status":"closed","template":"page-tpl_left_sidebar.php","meta":{"footnotes":""},"class_list":["post-25","page","type-page","status-publish","has-post-thumbnail","hentry"],"_links":{"self":[{"href":"https:\/\/logicthermal.com\/fr\/wp-json\/wp\/v2\/pages\/25","targetHints":{"allow":["GET"]}}],"collection":[{"href":"https:\/\/logicthermal.com\/fr\/wp-json\/wp\/v2\/pages"}],"about":[{"href":"https:\/\/logicthermal.com\/fr\/wp-json\/wp\/v2\/types\/page"}],"author":[{"embeddable":true,"href":"https:\/\/logicthermal.com\/fr\/wp-json\/wp\/v2\/users\/1"}],"replies":[{"embeddable":true,"href":"https:\/\/logicthermal.com\/fr\/wp-json\/wp\/v2\/comments?post=25"}],"version-history":[{"count":0,"href":"https:\/\/logicthermal.com\/fr\/wp-json\/wp\/v2\/pages\/25\/revisions"}],"up":[{"embeddable":true,"href":"https:\/\/logicthermal.com\/fr\/wp-json\/wp\/v2\/pages\/19"}],"wp:featuredmedia":[{"embeddable":true,"href":"https:\/\/logicthermal.com\/fr\/wp-json\/wp\/v2\/media\/738"}],"wp:attachment":[{"href":"https:\/\/logicthermal.com\/fr\/wp-json\/wp\/v2\/media?parent=25"}],"curies":[{"name":"wp","href":"https:\/\/api.w.org\/{rel}","templated":true}]}}