{"id":29,"date":"2016-02-13T14:13:59","date_gmt":"2016-02-13T14:13:59","guid":{"rendered":"https:\/\/demo.djmimi.net\/themes\/industry\/?page_id=29"},"modified":"2017-01-05T19:44:35","modified_gmt":"2017-01-06T00:44:35","slug":"depannage","status":"publish","type":"page","link":"https:\/\/logicthermal.com\/fr\/services\/depannage\/","title":{"rendered":"D\u00e9pannage"},"content":{"rendered":"<p>[vc_row][vc_column width=&#8221;1\/2&#8243;][vc_column_text]<img loading=\"lazy\" decoding=\"async\" class=\"alignnone wp-image-900 size-full\" src=\"https:\/\/logicthermal.wpengine.com\/wp-content\/uploads\/2016\/02\/depannage-409x273.jpg\" width=\"409\" height=\"273\" srcset=\"https:\/\/logicthermal.com\/wp-content\/uploads\/2016\/02\/depannage-409x273.jpg 409w, https:\/\/logicthermal.com\/wp-content\/uploads\/2016\/02\/depannage-409x273-300x200.jpg 300w\" sizes=\"auto, (max-width: 409px) 100vw, 409px\" \/>[\/vc_column_text][\/vc_column][vc_column width=&#8221;1\/2&#8243;][vc_column_text]<img loading=\"lazy\" decoding=\"async\" class=\"alignnone wp-image-901 size-full\" src=\"https:\/\/logicthermal.wpengine.com\/wp-content\/uploads\/2016\/02\/depannage2-409x273.jpg\" width=\"409\" height=\"273\" srcset=\"https:\/\/logicthermal.com\/wp-content\/uploads\/2016\/02\/depannage2-409x273.jpg 409w, https:\/\/logicthermal.com\/wp-content\/uploads\/2016\/02\/depannage2-409x273-300x200.jpg 300w\" sizes=\"auto, (max-width: 409px) 100vw, 409px\" \/>[\/vc_column_text][\/vc_column][\/vc_row][vc_row css=&#8221;.vc_custom_1455449309171{margin-top: 30px !important;}&#8221;][vc_column][vc_column_text]<span style=\"font-weight: 400;\">Les \u00e9lectriciens et \u00e9lectrom\u00e9caniciens de Logic Thermal poss\u00e8dent une grande exp\u00e9rience dans les proc\u00e9d\u00e9s de chauffage. Ils sont form\u00e9s et sp\u00e9cialis\u00e9s pour effectuer des interventions d\u2019urgence et ce, \u00e0 travers le Canada. <\/span>[\/vc_column_text][\/vc_column][\/vc_row]<\/p>","protected":false},"excerpt":{"rendered":"<p>[vc_row][vc_column width=&#8221;1\/2&#8243;][vc_column_text][\/vc_column_text][\/vc_column][vc_column width=&#8221;1\/2&#8243;][vc_column_text][\/vc_column_text][\/vc_column][\/vc_row][vc_row css=&#8221;.vc_custom_1455449309171{margin-top: 30px !important;}&#8221;][vc_column][vc_column_text]Les \u00e9lectriciens et \u00e9lectrom\u00e9caniciens de Logic Thermal poss\u00e8dent une grande exp\u00e9rience dans les proc\u00e9d\u00e9s de chauffage. Ils sont form\u00e9s et sp\u00e9cialis\u00e9s pour effectuer des interventions d\u2019urgence et ce, \u00e0 travers le Canada. [\/vc_column_text][\/vc_column][\/vc_row]<\/p>\n","protected":false},"author":1,"featured_media":901,"parent":19,"menu_order":0,"comment_status":"closed","ping_status":"closed","template":"page-tpl_left_sidebar.php","meta":{"footnotes":""},"class_list":["post-29","page","type-page","status-publish","has-post-thumbnail","hentry"],"_links":{"self":[{"href":"https:\/\/logicthermal.com\/fr\/wp-json\/wp\/v2\/pages\/29","targetHints":{"allow":["GET"]}}],"collection":[{"href":"https:\/\/logicthermal.com\/fr\/wp-json\/wp\/v2\/pages"}],"about":[{"href":"https:\/\/logicthermal.com\/fr\/wp-json\/wp\/v2\/types\/page"}],"author":[{"embeddable":true,"href":"https:\/\/logicthermal.com\/fr\/wp-json\/wp\/v2\/users\/1"}],"replies":[{"embeddable":true,"href":"https:\/\/logicthermal.com\/fr\/wp-json\/wp\/v2\/comments?post=29"}],"version-history":[{"count":0,"href":"https:\/\/logicthermal.com\/fr\/wp-json\/wp\/v2\/pages\/29\/revisions"}],"up":[{"embeddable":true,"href":"https:\/\/logicthermal.com\/fr\/wp-json\/wp\/v2\/pages\/19"}],"wp:featuredmedia":[{"embeddable":true,"href":"https:\/\/logicthermal.com\/fr\/wp-json\/wp\/v2\/media\/901"}],"wp:attachment":[{"href":"https:\/\/logicthermal.com\/fr\/wp-json\/wp\/v2\/media?parent=29"}],"curies":[{"name":"wp","href":"https:\/\/api.w.org\/{rel}","templated":true}]}}