{"id":31,"date":"2016-02-13T14:17:53","date_gmt":"2016-02-13T14:17:53","guid":{"rendered":"https:\/\/demo.djmimi.net\/themes\/industry\/?page_id=31"},"modified":"2016-11-22T16:35:38","modified_gmt":"2016-11-22T21:35:38","slug":"inspection-thermique","status":"publish","type":"page","link":"https:\/\/logicthermal.com\/fr\/services\/inspection-thermique\/","title":{"rendered":"Inspection thermique"},"content":{"rendered":"<p><span style=\"font-weight: 400;\">[vc_row][vc_column width=&#8221;1\/2&#8243;][vc_column_text]<img loading=\"lazy\" decoding=\"async\" class=\"wp-image-911 size-full aligncenter\" src=\"https:\/\/logicthermal.wpengine.com\/wp-content\/uploads\/2016\/02\/inspection2-409x273.jpg\" width=\"409\" height=\"273\" srcset=\"https:\/\/logicthermal.com\/wp-content\/uploads\/2016\/02\/inspection2-409x273.jpg 409w, https:\/\/logicthermal.com\/wp-content\/uploads\/2016\/02\/inspection2-409x273-300x200.jpg 300w\" sizes=\"auto, (max-width: 409px) 100vw, 409px\" \/>[\/vc_column_text][\/vc_column][vc_column width=&#8221;1\/2&#8243;][vc_column_text]<img loading=\"lazy\" decoding=\"async\" class=\"aligncenter wp-image-912 size-full\" src=\"https:\/\/logicthermal.wpengine.com\/wp-content\/uploads\/2016\/02\/inspection3-409x273.jpg\" width=\"409\" height=\"273\" srcset=\"https:\/\/logicthermal.com\/wp-content\/uploads\/2016\/02\/inspection3-409x273.jpg 409w, https:\/\/logicthermal.com\/wp-content\/uploads\/2016\/02\/inspection3-409x273-300x200.jpg 300w\" sizes=\"auto, (max-width: 409px) 100vw, 409px\" \/>[\/vc_column_text][\/vc_column][\/vc_row][vc_row css=&#8221;.vc_custom_1455449309171{margin-top: 30px !important;}&#8221;][vc_column][vc_column_text]Logic Thermal vous propose une \u00e9valuation de vos \u00e9quipements afin d\u2019identifier les pertes \u00e9nerg\u00e9tiques. \u00c0 l\u2019aide d\u2019outils \u00e0 la fine pointe de la technologie, nous produirons des relev\u00e9s techniques qui nous permettront d\u2019identifier les endroits qui n\u00e9cessitent une intervention. Apr\u00e8s chacune des \u00e9valuations, un rapport complet avec photos thermiques \u00e0 l\u2019appui sera remis au client. Logic Thermal vous proposera des pistes de solutions pour corriger les pertes de chaleur, ainsi qu\u2019un rapport de calcul qui vous indiquera les \u00e9conomies engendr\u00e9es par les solutions propos\u00e9es.<\/span>[\/vc_column_text][\/vc_column][\/vc_row]<\/p>","protected":false},"excerpt":{"rendered":"<p>[vc_row][vc_column width=&#8221;1\/2&#8243;][vc_column_text][\/vc_column_text][\/vc_column][vc_column width=&#8221;1\/2&#8243;][vc_column_text][\/vc_column_text][\/vc_column][\/vc_row][vc_row css=&#8221;.vc_custom_1455449309171{margin-top: 30px !important;}&#8221;][vc_column][vc_column_text]Logic Thermal vous propose une \u00e9valuation de vos \u00e9quipements afin d\u2019identifier les pertes \u00e9nerg\u00e9tiques. \u00c0 l\u2019aide d\u2019outils \u00e0 la fine pointe de la technologie, nous produirons des relev\u00e9s techniques qui nous permettront d\u2019identifier les endroits qui n\u00e9cessitent une intervention. Apr\u00e8s chacune des \u00e9valuations, un rapport complet avec photos thermiques \u00e0 [&hellip;]<\/p>\n","protected":false},"author":1,"featured_media":905,"parent":19,"menu_order":0,"comment_status":"closed","ping_status":"closed","template":"page-tpl_left_sidebar.php","meta":{"footnotes":""},"class_list":["post-31","page","type-page","status-publish","has-post-thumbnail","hentry"],"_links":{"self":[{"href":"https:\/\/logicthermal.com\/fr\/wp-json\/wp\/v2\/pages\/31","targetHints":{"allow":["GET"]}}],"collection":[{"href":"https:\/\/logicthermal.com\/fr\/wp-json\/wp\/v2\/pages"}],"about":[{"href":"https:\/\/logicthermal.com\/fr\/wp-json\/wp\/v2\/types\/page"}],"author":[{"embeddable":true,"href":"https:\/\/logicthermal.com\/fr\/wp-json\/wp\/v2\/users\/1"}],"replies":[{"embeddable":true,"href":"https:\/\/logicthermal.com\/fr\/wp-json\/wp\/v2\/comments?post=31"}],"version-history":[{"count":0,"href":"https:\/\/logicthermal.com\/fr\/wp-json\/wp\/v2\/pages\/31\/revisions"}],"up":[{"embeddable":true,"href":"https:\/\/logicthermal.com\/fr\/wp-json\/wp\/v2\/pages\/19"}],"wp:featuredmedia":[{"embeddable":true,"href":"https:\/\/logicthermal.com\/fr\/wp-json\/wp\/v2\/media\/905"}],"wp:attachment":[{"href":"https:\/\/logicthermal.com\/fr\/wp-json\/wp\/v2\/media?parent=31"}],"curies":[{"name":"wp","href":"https:\/\/api.w.org\/{rel}","templated":true}]}}