{"id":493,"date":"2016-10-24T15:15:27","date_gmt":"2016-10-24T19:15:27","guid":{"rendered":"https:\/\/logicthermal.wwwsrc3.supercp.com\/?page_id=493"},"modified":"2016-12-07T10:25:04","modified_gmt":"2016-12-07T15:25:04","slug":"accueil","status":"publish","type":"page","link":"https:\/\/logicthermal.com\/fr\/","title":{"rendered":"Accueil"},"content":{"rendered":"<p>[vc_row full_width=&#8221;stretch_row&#8221; css=&#8221;.vc_custom_1477423474735{background-color: #f7c51d !important;background-position: center !important;background-repeat: no-repeat !important;background-size: cover !important;}&#8221;][vc_column css=&#8221;.vc_custom_1455216594422{padding-top: 0px !important;}&#8221;]<div class=\"ind-cta\">\r\n\t\t<h4 style=\"\">Vous cherchez la solution ad\u00e9quate pour votre entreprise?<\/h4>\r\n\t\t<a href=\"\/contact\/\" class=\"btn\">Demandez une soumission<\/a>\r\n\t<\/div>[\/vc_column][\/vc_row][vc_row css=&#8221;.vc_custom_1455404000946{margin-top: 50px !important;}&#8221;][vc_column]<div class=\"ind-title-wrap\"><h4 style=\"\" class=\"ind-title\">Services<\/h4><\/div>[vc_empty_space][\/vc_column][\/vc_row][vc_row css=&#8221;.vc_custom_1455400038320{margin-bottom: 45px !important;}&#8221;][vc_column width=&#8221;1\/4&#8243;]<div class=\"page-item top-media\">\r\n\t\t\t\t<a href=\"https:\/\/logicthermal.com\/fr\/services\/installation\/\" class=\"page-media\"><img loading=\"lazy\" decoding=\"async\" width=\"360\" height=\"203\" src=\"https:\/\/logicthermal.com\/wp-content\/uploads\/2016\/02\/installation-409x273-360x203.jpg\" class=\"attachment-industry-box-thumb size-industry-box-thumb wp-post-image\" alt=\"\" \/><\/a>\r\n\t\t\t\t<div class=\"page-item-content\">\r\n\t\t\t\t\t<h5>Installation<\/h5>\r\n\t\t\t\t\t<p>Logic Thermal compte sur une \u00e9quipe d'\u00e9lectriciens, d\u2019\u00e9lectrom\u00e9caniciens et de ma\u00e7ons sp\u00e9cialis\u00e9s pour effectuer des installations sp\u00e9cifiques...<\/p>\r\n\t\t\t\t\t<a href=\"https:\/\/logicthermal.com\/fr\/services\/installation\/\" class=\"read-more header-font\">Continuer \u00e0 lire<\/a>\r\n\t\t\t\t<\/div>\r\n\t\t\t<\/div>[vc_empty_space height=&#8221;15px&#8221;][\/vc_column][vc_column width=&#8221;1\/4&#8243;]<div class=\"page-item top-media\">\r\n\t\t\t\t<a href=\"https:\/\/logicthermal.com\/fr\/services\/remise-a-neuf\/\" class=\"page-media\"><img loading=\"lazy\" decoding=\"async\" width=\"360\" height=\"203\" src=\"https:\/\/logicthermal.com\/wp-content\/uploads\/2016\/02\/remise_neuf-360x203.jpg\" class=\"attachment-industry-box-thumb size-industry-box-thumb wp-post-image\" alt=\"\" \/><\/a>\r\n\t\t\t\t<div class=\"page-item-content\">\r\n\t\t\t\t\t<h5>Remise \u00e0 neuf<\/h5>\r\n\t\t\t\t\t<p>Logic Thermal se sp\u00e9cialise dans la remise \u00e0 neuf de divers syst\u00e8mes de chauffage industriel, allant du petit four aux lignes de production d\u00e9su\u00e8tes...<\/p>\r\n\t\t\t\t\t<a href=\"https:\/\/logicthermal.com\/fr\/services\/remise-a-neuf\/\" class=\"read-more header-font\">Continuer \u00e0 lire<\/a>\r\n\t\t\t\t<\/div>\r\n\t\t\t<\/div>[vc_empty_space height=&#8221;15px&#8221;][\/vc_column][vc_column width=&#8221;1\/4&#8243;]<div class=\"page-item top-media\">\r\n\t\t\t\t<a href=\"https:\/\/logicthermal.com\/fr\/services\/depannage\/\" class=\"page-media\"><img loading=\"lazy\" decoding=\"async\" width=\"360\" height=\"203\" src=\"https:\/\/logicthermal.com\/wp-content\/uploads\/2016\/02\/depannage2-409x273-360x203.jpg\" class=\"attachment-industry-box-thumb size-industry-box-thumb wp-post-image\" alt=\"\" \/><\/a>\r\n\t\t\t\t<div class=\"page-item-content\">\r\n\t\t\t\t\t<h5>D\u00e9pannage<\/h5>\r\n\t\t\t\t\t<p>Les \u00e9lectriciens et \u00e9lectrom\u00e9caniciens de Logic Thermal poss\u00e8dent une grande exp\u00e9rience dans les proc\u00e9d\u00e9s de chauffage...<\/p>\r\n\t\t\t\t\t<a href=\"https:\/\/logicthermal.com\/fr\/services\/depannage\/\" class=\"read-more header-font\">Continuer \u00e0 lire<\/a>\r\n\t\t\t\t<\/div>\r\n\t\t\t<\/div>[vc_empty_space height=&#8221;15px&#8221;][\/vc_column][vc_column width=&#8221;1\/4&#8243;]<div class=\"page-item top-media\">\r\n\t\t\t\t<a href=\"https:\/\/logicthermal.com\/fr\/services\/inspection-thermique\/\" class=\"page-media\"><img loading=\"lazy\" decoding=\"async\" width=\"360\" height=\"203\" src=\"https:\/\/logicthermal.com\/wp-content\/uploads\/2016\/02\/inspection-409x273-360x203.jpg\" class=\"attachment-industry-box-thumb size-industry-box-thumb wp-post-image\" alt=\"\" \/><\/a>\r\n\t\t\t\t<div class=\"page-item-content\">\r\n\t\t\t\t\t<h5>Inspection thermique<\/h5>\r\n\t\t\t\t\t<p>Logic Thermal vous propose une \u00e9valuation de vos \u00e9quipements afin d\u2019identifier les pertes \u00e9nerg\u00e9tiques. \u00c0 l\u2019aide d\u2019outils \u00e0 la fine pointe...<\/p>\r\n\t\t\t\t\t<a href=\"https:\/\/logicthermal.com\/fr\/services\/inspection-thermique\/\" class=\"read-more header-font\">Continuer \u00e0 lire<\/a>\r\n\t\t\t\t<\/div>\r\n\t\t\t<\/div>[vc_empty_space height=&#8221;15px&#8221;][\/vc_column][\/vc_row][vc_row css=&#8221;.vc_custom_1455404000946{margin-top: 50px !important;}&#8221;][vc_column][vc_empty_space]<div class=\"ind-title-wrap\"><h4 style=\"\" class=\"ind-title\">Produits<\/h4><\/div>[vc_empty_space][\/vc_column][\/vc_row][vc_row css=&#8221;.vc_custom_1455400038320{margin-bottom: 45px !important;}&#8221;][vc_column width=&#8221;1\/4&#8243;]<div class=\"page-item top-media\">\r\n\t\t\t\t<a href=\"https:\/\/logicthermal.com\/fr\/produits2\/element-chauffant\/\" class=\"page-media\"><img loading=\"lazy\" decoding=\"async\" width=\"360\" height=\"203\" src=\"https:\/\/logicthermal.com\/wp-content\/uploads\/2016\/11\/shutterstock_538114297-360x203.jpg\" class=\"attachment-industry-box-thumb size-industry-box-thumb wp-post-image\" alt=\"\" \/><\/a>\r\n\t\t\t\t<div class=\"page-item-content\">\r\n\t\t\t\t\t<h5>\u00c9l\u00e9ment chauffant<\/h5>\r\n\t\t\t\t\t<p>Technologie d\u00e9tenue exclusivement par Logic Thermal, nous fabriquons des plaques et des bandes chauffantes en c\u00e9ramique, coul\u00e9es sur mesure...<\/p>\r\n\t\t\t\t\t<a href=\"https:\/\/logicthermal.com\/fr\/produits2\/element-chauffant\/\" class=\"read-more header-font\">Continuer \u00e0 lire<\/a>\r\n\t\t\t\t<\/div>\r\n\t\t\t<\/div>[vc_empty_space height=&#8221;15px&#8221;][\/vc_column][vc_column width=&#8221;1\/4&#8243;]<div class=\"page-item top-media\">\r\n\t\t\t\t<a href=\"https:\/\/logicthermal.com\/fr\/produits2\/haute-temperature\/\" class=\"page-media\"><img loading=\"lazy\" decoding=\"async\" width=\"360\" height=\"203\" src=\"https:\/\/logicthermal.com\/wp-content\/uploads\/2016\/02\/slider2_1600x781_op-360x203.jpg\" class=\"attachment-industry-box-thumb size-industry-box-thumb wp-post-image\" alt=\"\" \/><\/a>\r\n\t\t\t\t<div class=\"page-item-content\">\r\n\t\t\t\t\t<h5>Haute temp\u00e9rature<\/h5>\r\n\t\t\t\t\t<p>Logic Thermal offre une gamme compl\u00e8te de produits \u00e0 haute temp\u00e9rature ainsi qu\u2019une expertise pour concevoir ou...<\/p>\r\n\t\t\t\t\t<a href=\"https:\/\/logicthermal.com\/fr\/produits2\/haute-temperature\/\" class=\"read-more header-font\">Continuer \u00e0 lire<\/a>\r\n\t\t\t\t<\/div>\r\n\t\t\t<\/div>[vc_empty_space height=&#8221;15px&#8221;][\/vc_column][vc_column width=&#8221;1\/4&#8243;]<div class=\"page-item top-media\">\r\n\t\t\t\t<a href=\"https:\/\/logicthermal.com\/fr\/produits2\/produits-3\/\" class=\"page-media\"><img loading=\"lazy\" decoding=\"async\" width=\"360\" height=\"203\" src=\"https:\/\/logicthermal.com\/wp-content\/uploads\/2016\/11\/shutterstock_183581999-360x203.jpg\" class=\"attachment-industry-box-thumb size-industry-box-thumb wp-post-image\" alt=\"\" \/><\/a>\r\n\t\t\t\t<div class=\"page-item-content\">\r\n\t\t\t\t\t<h5>Produit r\u00e9fractaire<\/h5>\r\n\t\t\t\t\t<p>Les produits r\u00e9fractaires sont souvent utilis\u00e9s \u00e0 tr\u00e8s haute temp\u00e9rature. Nous vous offrons divers ciments et un service de moulage de pr\u00e9cision....<\/p>\r\n\t\t\t\t\t<a href=\"https:\/\/logicthermal.com\/fr\/produits2\/produits-3\/\" class=\"read-more header-font\">Continuer \u00e0 lire<\/a>\r\n\t\t\t\t<\/div>\r\n\t\t\t<\/div>[vc_empty_space height=&#8221;15px&#8221;][\/vc_column][vc_column width=&#8221;1\/4&#8243;]<div class=\"page-item top-media\">\r\n\t\t\t\t<a href=\"https:\/\/logicthermal.com\/fr\/produits2\/produits-4\/\" class=\"page-media\"><img loading=\"lazy\" decoding=\"async\" width=\"360\" height=\"203\" src=\"https:\/\/logicthermal.com\/wp-content\/uploads\/2016\/11\/shutterstock_34266604-360x203.jpg\" class=\"attachment-industry-box-thumb size-industry-box-thumb wp-post-image\" alt=\"\" \/><\/a>\r\n\t\t\t\t<div class=\"page-item-content\">\r\n\t\t\t\t\t<h5>Isolation<\/h5>\r\n\t\t\t\t\t<p>Dans les proc\u00e9d\u00e9s de chauffage, l\u2019isolation est un facteur d\u00e9terminant mais souvent n\u00e9glig\u00e9. Une isolation ad\u00e9quate va permettre...<\/p>\r\n\t\t\t\t\t<a href=\"https:\/\/logicthermal.com\/fr\/produits2\/produits-4\/\" class=\"read-more header-font\">Continuer \u00e0 lire<\/a>\r\n\t\t\t\t<\/div>\r\n\t\t\t<\/div>[vc_empty_space height=&#8221;15px&#8221;][\/vc_column][\/vc_row][vc_row css=&#8221;.vc_custom_1479765333859{background-color: #eaeaea !important;}&#8221;][vc_column width=&#8221;1\/4&#8243;][\/vc_column][vc_column width=&#8221;1\/4&#8243;][\/vc_column][vc_column width=&#8221;1\/4&#8243;][\/vc_column][vc_column width=&#8221;1\/4&#8243;][vc_empty_space height=&#8221;40px&#8221;][vc_column_text]<a class=\"btn\" href=\"https:\/\/logicthermal.wpengine.com\/produits2\/\">Consulter tous les produits<\/a>[\/vc_column_text][vc_empty_space height=&#8221;40px&#8221;][\/vc_column][vc_column][\/vc_column][\/vc_row]<\/p>","protected":false},"excerpt":{"rendered":"<p>[vc_row full_width=&#8221;stretch_row&#8221; css=&#8221;.vc_custom_1477423474735{background-color: #f7c51d !important;background-position: center !important;background-repeat: no-repeat !important;background-size: cover !important;}&#8221;][vc_column css=&#8221;.vc_custom_1455216594422{padding-top: 0px !important;}&#8221;][\/vc_column][\/vc_row][vc_row css=&#8221;.vc_custom_1455404000946{margin-top: 50px !important;}&#8221;][vc_column][vc_empty_space][\/vc_column][\/vc_row][vc_row css=&#8221;.vc_custom_1455400038320{margin-bottom: 45px !important;}&#8221;][vc_column width=&#8221;1\/4&#8243;][vc_empty_space height=&#8221;15px&#8221;][\/vc_column][vc_column width=&#8221;1\/4&#8243;][vc_empty_space height=&#8221;15px&#8221;][\/vc_column][vc_column width=&#8221;1\/4&#8243;][vc_empty_space height=&#8221;15px&#8221;][\/vc_column][vc_column width=&#8221;1\/4&#8243;][vc_empty_space height=&#8221;15px&#8221;][\/vc_column][\/vc_row][vc_row css=&#8221;.vc_custom_1455404000946{margin-top: 50px !important;}&#8221;][vc_column][vc_empty_space][vc_empty_space][\/vc_column][\/vc_row][vc_row css=&#8221;.vc_custom_1455400038320{margin-bottom: 45px !important;}&#8221;][vc_column width=&#8221;1\/4&#8243;][vc_empty_space height=&#8221;15px&#8221;][\/vc_column][vc_column width=&#8221;1\/4&#8243;][vc_empty_space height=&#8221;15px&#8221;][\/vc_column][vc_column width=&#8221;1\/4&#8243;][vc_empty_space height=&#8221;15px&#8221;][\/vc_column][vc_column width=&#8221;1\/4&#8243;][vc_empty_space height=&#8221;15px&#8221;][\/vc_column][\/vc_row][vc_row css=&#8221;.vc_custom_1479765333859{background-color: #eaeaea !important;}&#8221;][vc_column width=&#8221;1\/4&#8243;][\/vc_column][vc_column width=&#8221;1\/4&#8243;][\/vc_column][vc_column width=&#8221;1\/4&#8243;][\/vc_column][vc_column width=&#8221;1\/4&#8243;][vc_empty_space height=&#8221;40px&#8221;][vc_column_text]Consulter tous les produits[\/vc_column_text][vc_empty_space height=&#8221;40px&#8221;][\/vc_column][vc_column][\/vc_column][\/vc_row]<\/p>\n","protected":false},"author":1,"featured_media":0,"parent":0,"menu_order":0,"comment_status":"closed","ping_status":"closed","template":"page-tpl_full_width.php","meta":{"footnotes":""},"class_list":["post-493","page","type-page","status-publish","hentry"],"_links":{"self":[{"href":"https:\/\/logicthermal.com\/fr\/wp-json\/wp\/v2\/pages\/493","targetHints":{"allow":["GET"]}}],"collection":[{"href":"https:\/\/logicthermal.com\/fr\/wp-json\/wp\/v2\/pages"}],"about":[{"href":"https:\/\/logicthermal.com\/fr\/wp-json\/wp\/v2\/types\/page"}],"author":[{"embeddable":true,"href":"https:\/\/logicthermal.com\/fr\/wp-json\/wp\/v2\/users\/1"}],"replies":[{"embeddable":true,"href":"https:\/\/logicthermal.com\/fr\/wp-json\/wp\/v2\/comments?post=493"}],"version-history":[{"count":0,"href":"https:\/\/logicthermal.com\/fr\/wp-json\/wp\/v2\/pages\/493\/revisions"}],"wp:attachment":[{"href":"https:\/\/logicthermal.com\/fr\/wp-json\/wp\/v2\/media?parent=493"}],"curies":[{"name":"wp","href":"https:\/\/api.w.org\/{rel}","templated":true}]}}