{"id":621,"date":"2016-10-31T16:46:17","date_gmt":"2016-10-31T20:46:17","guid":{"rendered":"https:\/\/logicthermal.wpengine.com\/?page_id=621"},"modified":"2026-03-26T12:11:24","modified_gmt":"2026-03-26T16:11:24","slug":"a-propos","status":"publish","type":"page","link":"https:\/\/logicthermal.com\/fr\/a-propos\/","title":{"rendered":"\u00c0 propos"},"content":{"rendered":"<p>[vc_row][vc_column width=&#8221;1\/2&#8243;][vc_column_text]<img loading=\"lazy\" decoding=\"async\" class=\"alignnone wp-image-389 size-industry-half-page\" src=\"https:\/\/logicthermal.wpengine.com\/wp-content\/uploads\/2016\/10\/about-1-900x1277.jpg\" alt=\"about-1\" width=\"555\" height=\"788\" \/>[\/vc_column_text][vc_empty_space][vc_column_text]<\/p>\n<p>Fond\u00e9e en 2015, Logic Thermal a su se tailler une place de choix dans le domaine et conna\u00eet une croissance marqu\u00e9e.<\/p>\n<p>Sa connaissance de pointe a permis \u00e0 l\u2019entreprise de d\u00e9velopper son expertise et elle poursuit son \u00e9volution en innovant de nouveaux concepts, produits, mat\u00e9riaux et solutions qui r\u00e9pondent aux demandes toujours plus complexes et croissantes du march\u00e9.[\/vc_column_text][\/vc_column][vc_column width=&#8221;1\/2&#8243;]<div class=\"ind-title-wrap\"><h5 style=\"\" class=\"ind-title\">Logic Thermal c\u2019est :<\/h5><\/div>[vc_empty_space height=&#8221;15px&#8221;][vc_column_text]<img loading=\"lazy\" decoding=\"async\" class=\"alignnone wp-image-930\" src=\"https:\/\/logicthermal.wpengine.com\/wp-content\/uploads\/2016\/12\/depannage2-409x273-300x200.jpg\" alt=\"depannage2-409x273\" width=\"555\" height=\"370\" srcset=\"https:\/\/logicthermal.com\/wp-content\/uploads\/2016\/12\/depannage2-409x273-300x200.jpg 300w, https:\/\/logicthermal.com\/wp-content\/uploads\/2016\/12\/depannage2-409x273.jpg 409w\" sizes=\"auto, (max-width: 555px) 100vw, 555px\" \/>[\/vc_column_text][vc_empty_space height=&#8221;15px&#8221;][vc_column_text]Service, qualit\u00e9, support !<\/p>\n<p>Logic Thermal est un chef de file qu\u00e9b\u00e9cois en mati\u00e8re de conception, d\u2019installation et d\u2019optimisation de fours industriels et de solutions thermiques destin\u00e9es \u00e0 des applications industrielles\u00a0 sp\u00e9cifiques.<\/p>\n<p>[\/vc_column_text][vc_empty_space height=&#8221;30px&#8221;]<div class=\"ind-title-wrap\"><h5 style=\"\" class=\"ind-title\">Une approche 360\u00b0<\/h5><\/div>[vc_empty_space height=&#8221;15px&#8221;][vc_column_text]<img loading=\"lazy\" decoding=\"async\" class=\"alignnone size-industry-half-page wp-image-391\" src=\"https:\/\/logicthermal.wpengine.com\/wp-content\/uploads\/2016\/10\/about-3-900x293-1.jpg\" alt=\"about-3\" width=\"555\" height=\"181\" \/>[\/vc_column_text][vc_empty_space height=&#8221;15px&#8221;][vc_column_text]<\/p>\n<ul>\n<li>Fours industriels sur mesure<\/li>\n<li>Logic Thermal con\u00e7oit et fabrique des fours industriels \u00e9lectriques ou au gaz, selon vos sp\u00e9cifications en mati\u00e8re de flexibilit\u00e9, de performance et de durabilit\u00e9.<\/li>\n<li>\u00c9l\u00e9ments thermiques<\/li>\n<li>Gr\u00e2ce \u00e0 son r\u00e9seau \u00e9tendu de fournisseurs, Logic Thermal dispose de l\u2019\u00e9l\u00e9ment thermique qui convient le mieux \u00e0 votre type d\u2019installation : fil chauffant, cartouche, \u00e9l\u00e9ment de carbone.<\/li>\n<li>Produits haute temp\u00e9rature<\/li>\n<li>Nous concevons \u00e9galement des c\u00e2bles et des fils \u00e9lectriques haute temp\u00e9rature, fabriqu\u00e9s sur mesure.<\/li>\n<\/ul>\n<p>[\/vc_column_text][\/vc_column][\/vc_row]<\/p>","protected":false},"excerpt":{"rendered":"<p>[vc_row][vc_column width=&#8221;1\/2&#8243;][vc_column_text][\/vc_column_text][vc_empty_space][vc_column_text] Fond\u00e9e en 2015, Logic Thermal a su se tailler une place de choix dans le domaine et conna\u00eet une croissance marqu\u00e9e. Sa connaissance de pointe a permis \u00e0 l\u2019entreprise de d\u00e9velopper son expertise et elle poursuit son \u00e9volution en innovant de nouveaux concepts, produits, mat\u00e9riaux et solutions qui r\u00e9pondent aux demandes toujours plus [&hellip;]<\/p>\n","protected":false},"author":1,"featured_media":0,"parent":0,"menu_order":0,"comment_status":"closed","ping_status":"closed","template":"page-tpl_full_width.php","meta":{"footnotes":""},"class_list":["post-621","page","type-page","status-publish","hentry"],"_links":{"self":[{"href":"https:\/\/logicthermal.com\/fr\/wp-json\/wp\/v2\/pages\/621","targetHints":{"allow":["GET"]}}],"collection":[{"href":"https:\/\/logicthermal.com\/fr\/wp-json\/wp\/v2\/pages"}],"about":[{"href":"https:\/\/logicthermal.com\/fr\/wp-json\/wp\/v2\/types\/page"}],"author":[{"embeddable":true,"href":"https:\/\/logicthermal.com\/fr\/wp-json\/wp\/v2\/users\/1"}],"replies":[{"embeddable":true,"href":"https:\/\/logicthermal.com\/fr\/wp-json\/wp\/v2\/comments?post=621"}],"version-history":[{"count":0,"href":"https:\/\/logicthermal.com\/fr\/wp-json\/wp\/v2\/pages\/621\/revisions"}],"wp:attachment":[{"href":"https:\/\/logicthermal.com\/fr\/wp-json\/wp\/v2\/media?parent=621"}],"curies":[{"name":"wp","href":"https:\/\/api.w.org\/{rel}","templated":true}]}}