{"id":781,"date":"2016-11-21T13:39:37","date_gmt":"2016-11-21T18:39:37","guid":{"rendered":"https:\/\/logicthermal.wpengine.com\/?page_id=781"},"modified":"2017-02-03T16:58:57","modified_gmt":"2017-02-03T21:58:57","slug":"haute-temperature","status":"publish","type":"page","link":"https:\/\/logicthermal.com\/fr\/produits2\/haute-temperature\/","title":{"rendered":"Haute temp\u00e9rature"},"content":{"rendered":"<p>[vc_row][vc_column width=&#8221;1\/2&#8243;][vc_column_text]<img loading=\"lazy\" decoding=\"async\" class=\"alignnone size-medium wp-image-1123\" src=\"https:\/\/logicthermal.wpengine.com\/wp-content\/uploads\/2016\/11\/shutterstock_311152427-300x200.jpg\" alt=\"shutterstock_311152427\" width=\"300\" height=\"200\" srcset=\"https:\/\/logicthermal.com\/wp-content\/uploads\/2016\/11\/shutterstock_311152427-300x200.jpg 300w, https:\/\/logicthermal.com\/wp-content\/uploads\/2016\/11\/shutterstock_311152427-768x512.jpg 768w, https:\/\/logicthermal.com\/wp-content\/uploads\/2016\/11\/shutterstock_311152427-1024x683.jpg 1024w, https:\/\/logicthermal.com\/wp-content\/uploads\/2016\/11\/shutterstock_311152427-900x600.jpg 900w, https:\/\/logicthermal.com\/wp-content\/uploads\/2016\/11\/shutterstock_311152427-409x273.jpg 409w, https:\/\/logicthermal.com\/wp-content\/uploads\/2016\/11\/shutterstock_311152427-555x370.jpg 555w, https:\/\/logicthermal.com\/wp-content\/uploads\/2016\/11\/shutterstock_311152427-471x314.jpg 471w, https:\/\/logicthermal.com\/wp-content\/uploads\/2016\/11\/shutterstock_311152427-653x435.jpg 653w\" sizes=\"auto, (max-width: 300px) 100vw, 300px\" \/><a class=\"gallery-1\" href=\"https:\/\/logicthermal.wwwsrc3.supercp.com\/wp-content\/uploads\/2016\/02\/construction_big.jpg\"><br \/>\n<\/a>[\/vc_column_text][\/vc_column][vc_column width=&#8221;1\/2&#8243;][vc_column_text]<img loading=\"lazy\" decoding=\"async\" class=\"alignnone size-medium wp-image-869\" src=\"https:\/\/logicthermal.wpengine.com\/wp-content\/uploads\/2016\/02\/slider2_1600x781_op-300x147.jpg\" alt=\"slider2_1600x781_op\" width=\"300\" height=\"147\" \/><a class=\"gallery-1\" href=\"https:\/\/logicthermal.wwwsrc3.supercp.com\/wp-content\/uploads\/2016\/02\/construction-2.jpg\"><br \/>\n<\/a>[\/vc_column_text][\/vc_column][\/vc_row][vc_row css=&#8221;.vc_custom_1455449294231{margin-top: 30px !important;}&#8221;][vc_column][vc_column_text]Logic Thermal offre une gamme compl\u00e8te de produits haute temp\u00e9rature ainsi qu\u2019une expertise pour concevoir ou am\u00e9liorer vos proc\u00e9d\u00e9s.<\/p>\n<p>&nbsp;<\/p>\n<p>Voici une liste de produit offert:<\/p>\n<ul>\n<li>Divers tissus.<\/li>\n<li>M\u00e9taux haute temp\u00e9rature.<\/li>\n<li>Gaine et ruban.<\/li>\n<li>Panneau.<\/li>\n<li>Peinture.<\/li>\n<li>Connecteur et terminal.<\/li>\n<li>C\u00e2ble \u00e9lectrique haute temp\u00e9rature.<\/li>\n<li>C\u00e9ramique.<\/li>\n<\/ul>\n<p>[\/vc_column_text][\/vc_column][\/vc_row]<\/p>","protected":false},"excerpt":{"rendered":"<p>[vc_row][vc_column width=&#8221;1\/2&#8243;][vc_column_text] [\/vc_column_text][\/vc_column][vc_column width=&#8221;1\/2&#8243;][vc_column_text] [\/vc_column_text][\/vc_column][\/vc_row][vc_row css=&#8221;.vc_custom_1455449294231{margin-top: 30px !important;}&#8221;][vc_column][vc_column_text]Logic Thermal offre une gamme compl\u00e8te de produits haute temp\u00e9rature ainsi qu\u2019une expertise pour concevoir ou am\u00e9liorer vos proc\u00e9d\u00e9s. &nbsp; Voici une liste de produit offert: Divers tissus. M\u00e9taux haute temp\u00e9rature. Gaine et ruban. Panneau. Peinture. Connecteur et terminal. C\u00e2ble \u00e9lectrique haute temp\u00e9rature. C\u00e9ramique. [\/vc_column_text][\/vc_column][\/vc_row]<\/p>\n","protected":false},"author":1,"featured_media":869,"parent":768,"menu_order":0,"comment_status":"closed","ping_status":"closed","template":"page-tpl_left_sidebar.php","meta":{"footnotes":""},"class_list":["post-781","page","type-page","status-publish","has-post-thumbnail","hentry"],"_links":{"self":[{"href":"https:\/\/logicthermal.com\/fr\/wp-json\/wp\/v2\/pages\/781","targetHints":{"allow":["GET"]}}],"collection":[{"href":"https:\/\/logicthermal.com\/fr\/wp-json\/wp\/v2\/pages"}],"about":[{"href":"https:\/\/logicthermal.com\/fr\/wp-json\/wp\/v2\/types\/page"}],"author":[{"embeddable":true,"href":"https:\/\/logicthermal.com\/fr\/wp-json\/wp\/v2\/users\/1"}],"replies":[{"embeddable":true,"href":"https:\/\/logicthermal.com\/fr\/wp-json\/wp\/v2\/comments?post=781"}],"version-history":[{"count":0,"href":"https:\/\/logicthermal.com\/fr\/wp-json\/wp\/v2\/pages\/781\/revisions"}],"up":[{"embeddable":true,"href":"https:\/\/logicthermal.com\/fr\/wp-json\/wp\/v2\/pages\/768"}],"wp:featuredmedia":[{"embeddable":true,"href":"https:\/\/logicthermal.com\/fr\/wp-json\/wp\/v2\/media\/869"}],"wp:attachment":[{"href":"https:\/\/logicthermal.com\/fr\/wp-json\/wp\/v2\/media?parent=781"}],"curies":[{"name":"wp","href":"https:\/\/api.w.org\/{rel}","templated":true}]}}