{"id":782,"date":"2016-11-21T13:39:39","date_gmt":"2016-11-21T18:39:39","guid":{"rendered":"https:\/\/logicthermal.wpengine.com\/?page_id=782"},"modified":"2017-02-03T17:01:59","modified_gmt":"2017-02-03T22:01:59","slug":"produits-3","status":"publish","type":"page","link":"https:\/\/logicthermal.com\/fr\/produits2\/produits-3\/","title":{"rendered":"Produit r\u00e9fractaire"},"content":{"rendered":"<p>[vc_row][vc_column width=&#8221;1\/2&#8243;][vc_column_text]<img loading=\"lazy\" decoding=\"async\" class=\"alignnone size-medium wp-image-1125\" src=\"https:\/\/logicthermal.wpengine.com\/wp-content\/uploads\/2016\/11\/shutterstock_183581999-300x193.jpg\" alt=\"shutterstock_183581999\" width=\"300\" height=\"193\" srcset=\"https:\/\/logicthermal.com\/wp-content\/uploads\/2016\/11\/shutterstock_183581999-300x193.jpg 300w, https:\/\/logicthermal.com\/wp-content\/uploads\/2016\/11\/shutterstock_183581999-768x494.jpg 768w, https:\/\/logicthermal.com\/wp-content\/uploads\/2016\/11\/shutterstock_183581999-1024x659.jpg 1024w, https:\/\/logicthermal.com\/wp-content\/uploads\/2016\/11\/shutterstock_183581999-900x579.jpg 900w, https:\/\/logicthermal.com\/wp-content\/uploads\/2016\/11\/shutterstock_183581999-409x263.jpg 409w, https:\/\/logicthermal.com\/wp-content\/uploads\/2016\/11\/shutterstock_183581999-555x357.jpg 555w, https:\/\/logicthermal.com\/wp-content\/uploads\/2016\/11\/shutterstock_183581999-471x303.jpg 471w, https:\/\/logicthermal.com\/wp-content\/uploads\/2016\/11\/shutterstock_183581999-653x420.jpg 653w\" sizes=\"auto, (max-width: 300px) 100vw, 300px\" \/><a class=\"gallery-1\" href=\"https:\/\/logicthermal.wwwsrc3.supercp.com\/wp-content\/uploads\/2016\/02\/construction_big.jpg\"><br \/>\n<\/a>[\/vc_column_text][\/vc_column][vc_column width=&#8221;1\/2&#8243;][vc_column_text]<img loading=\"lazy\" decoding=\"async\" class=\"alignnone size-medium wp-image-1126\" src=\"https:\/\/logicthermal.wpengine.com\/wp-content\/uploads\/2016\/11\/shutterstock_393492064-300x240.jpg\" alt=\"shutterstock_393492064\" width=\"300\" height=\"240\" srcset=\"https:\/\/logicthermal.com\/wp-content\/uploads\/2016\/11\/shutterstock_393492064-300x240.jpg 300w, https:\/\/logicthermal.com\/wp-content\/uploads\/2016\/11\/shutterstock_393492064-768x614.jpg 768w, https:\/\/logicthermal.com\/wp-content\/uploads\/2016\/11\/shutterstock_393492064-1024x819.jpg 1024w, https:\/\/logicthermal.com\/wp-content\/uploads\/2016\/11\/shutterstock_393492064-900x720.jpg 900w, https:\/\/logicthermal.com\/wp-content\/uploads\/2016\/11\/shutterstock_393492064-409x327.jpg 409w, https:\/\/logicthermal.com\/wp-content\/uploads\/2016\/11\/shutterstock_393492064-555x444.jpg 555w, https:\/\/logicthermal.com\/wp-content\/uploads\/2016\/11\/shutterstock_393492064-471x377.jpg 471w, https:\/\/logicthermal.com\/wp-content\/uploads\/2016\/11\/shutterstock_393492064-653x522.jpg 653w\" sizes=\"auto, (max-width: 300px) 100vw, 300px\" \/><a class=\"gallery-1\" href=\"https:\/\/logicthermal.wwwsrc3.supercp.com\/wp-content\/uploads\/2016\/02\/construction-2.jpg\"><br \/>\n<\/a>[\/vc_column_text][\/vc_column][\/vc_row][vc_row css=&#8221;.vc_custom_1455449294231{margin-top: 30px !important;}&#8221;][vc_column][vc_column_text]Les produits r\u00e9fractaires sont souvent utilis\u00e9s \u00e0 tr\u00e8s haute temp\u00e9rature. Nous vous offrons divers produits et un service de moulage de pr\u00e9cision. Nous pouvons aussi fabriquer des pi\u00e8ces sp\u00e9cifique et incorporer des \u00e9l\u00e9ments chauffant quand un pr\u00e9chauffage est requis.<\/p>\n<p>Voici la liste des produits disponible:<\/p>\n<ul>\n<li>Briques.<\/li>\n<li>Mortiers.<\/li>\n<li>Ciments et b\u00e9tons.<\/li>\n<li>C\u00e9ramiques techniques.<\/li>\n<\/ul>\n<p>[\/vc_column_text][\/vc_column][\/vc_row]<\/p>","protected":false},"excerpt":{"rendered":"<p>[vc_row][vc_column width=&#8221;1\/2&#8243;][vc_column_text] [\/vc_column_text][\/vc_column][vc_column width=&#8221;1\/2&#8243;][vc_column_text] [\/vc_column_text][\/vc_column][\/vc_row][vc_row css=&#8221;.vc_custom_1455449294231{margin-top: 30px !important;}&#8221;][vc_column][vc_column_text]Les produits r\u00e9fractaires sont souvent utilis\u00e9s \u00e0 tr\u00e8s haute temp\u00e9rature. Nous vous offrons divers produits et un service de moulage de pr\u00e9cision. Nous pouvons aussi fabriquer des pi\u00e8ces sp\u00e9cifique et incorporer des \u00e9l\u00e9ments chauffant quand un pr\u00e9chauffage est requis. Voici la liste des produits disponible: Briques. Mortiers. Ciments [&hellip;]<\/p>\n","protected":false},"author":1,"featured_media":1125,"parent":768,"menu_order":0,"comment_status":"closed","ping_status":"closed","template":"page-tpl_left_sidebar.php","meta":{"footnotes":""},"class_list":["post-782","page","type-page","status-publish","has-post-thumbnail","hentry"],"_links":{"self":[{"href":"https:\/\/logicthermal.com\/fr\/wp-json\/wp\/v2\/pages\/782","targetHints":{"allow":["GET"]}}],"collection":[{"href":"https:\/\/logicthermal.com\/fr\/wp-json\/wp\/v2\/pages"}],"about":[{"href":"https:\/\/logicthermal.com\/fr\/wp-json\/wp\/v2\/types\/page"}],"author":[{"embeddable":true,"href":"https:\/\/logicthermal.com\/fr\/wp-json\/wp\/v2\/users\/1"}],"replies":[{"embeddable":true,"href":"https:\/\/logicthermal.com\/fr\/wp-json\/wp\/v2\/comments?post=782"}],"version-history":[{"count":0,"href":"https:\/\/logicthermal.com\/fr\/wp-json\/wp\/v2\/pages\/782\/revisions"}],"up":[{"embeddable":true,"href":"https:\/\/logicthermal.com\/fr\/wp-json\/wp\/v2\/pages\/768"}],"wp:featuredmedia":[{"embeddable":true,"href":"https:\/\/logicthermal.com\/fr\/wp-json\/wp\/v2\/media\/1125"}],"wp:attachment":[{"href":"https:\/\/logicthermal.com\/fr\/wp-json\/wp\/v2\/media?parent=782"}],"curies":[{"name":"wp","href":"https:\/\/api.w.org\/{rel}","templated":true}]}}