{"id":783,"date":"2016-11-21T13:39:42","date_gmt":"2016-11-21T18:39:42","guid":{"rendered":"https:\/\/logicthermal.wpengine.com\/?page_id=783"},"modified":"2017-02-03T17:04:48","modified_gmt":"2017-02-03T22:04:48","slug":"produits-4","status":"publish","type":"page","link":"https:\/\/logicthermal.com\/fr\/produits2\/produits-4\/","title":{"rendered":"Isolation"},"content":{"rendered":"<p>[vc_row][vc_column width=&#8221;1\/2&#8243;][vc_column_text]<a class=\"gallery-1\" href=\"https:\/\/logicthermal.wwwsrc3.supercp.com\/wp-content\/uploads\/2016\/02\/construction_big.jpg\"><br \/>\n<\/a><img loading=\"lazy\" decoding=\"async\" class=\"alignnone wp-image-1128 size-medium\" src=\"https:\/\/logicthermal.wpengine.com\/wp-content\/uploads\/2016\/11\/shutterstock_34266604-300x200.jpg\" width=\"300\" height=\"200\" srcset=\"https:\/\/logicthermal.com\/wp-content\/uploads\/2016\/11\/shutterstock_34266604-300x200.jpg 300w, https:\/\/logicthermal.com\/wp-content\/uploads\/2016\/11\/shutterstock_34266604-768x511.jpg 768w, https:\/\/logicthermal.com\/wp-content\/uploads\/2016\/11\/shutterstock_34266604-1024x681.jpg 1024w, https:\/\/logicthermal.com\/wp-content\/uploads\/2016\/11\/shutterstock_34266604-900x599.jpg 900w, https:\/\/logicthermal.com\/wp-content\/uploads\/2016\/11\/shutterstock_34266604-409x272.jpg 409w, https:\/\/logicthermal.com\/wp-content\/uploads\/2016\/11\/shutterstock_34266604-555x369.jpg 555w, https:\/\/logicthermal.com\/wp-content\/uploads\/2016\/11\/shutterstock_34266604-471x313.jpg 471w, https:\/\/logicthermal.com\/wp-content\/uploads\/2016\/11\/shutterstock_34266604-653x435.jpg 653w\" sizes=\"auto, (max-width: 300px) 100vw, 300px\" \/>[\/vc_column_text][\/vc_column][vc_column width=&#8221;1\/2&#8243;][vc_column_text]<img loading=\"lazy\" decoding=\"async\" class=\"alignnone wp-image-1129 size-medium\" src=\"https:\/\/logicthermal.wpengine.com\/wp-content\/uploads\/2016\/11\/shutterstock_303965894-300x225.jpg\" width=\"300\" height=\"225\" srcset=\"https:\/\/logicthermal.com\/wp-content\/uploads\/2016\/11\/shutterstock_303965894-300x225.jpg 300w, https:\/\/logicthermal.com\/wp-content\/uploads\/2016\/11\/shutterstock_303965894-768x576.jpg 768w, https:\/\/logicthermal.com\/wp-content\/uploads\/2016\/11\/shutterstock_303965894-1024x768.jpg 1024w, https:\/\/logicthermal.com\/wp-content\/uploads\/2016\/11\/shutterstock_303965894-900x675.jpg 900w, https:\/\/logicthermal.com\/wp-content\/uploads\/2016\/11\/shutterstock_303965894-409x307.jpg 409w, https:\/\/logicthermal.com\/wp-content\/uploads\/2016\/11\/shutterstock_303965894-555x416.jpg 555w, https:\/\/logicthermal.com\/wp-content\/uploads\/2016\/11\/shutterstock_303965894-471x353.jpg 471w, https:\/\/logicthermal.com\/wp-content\/uploads\/2016\/11\/shutterstock_303965894-653x490.jpg 653w\" sizes=\"auto, (max-width: 300px) 100vw, 300px\" \/><a class=\"gallery-1\" href=\"https:\/\/logicthermal.wwwsrc3.supercp.com\/wp-content\/uploads\/2016\/02\/construction-2.jpg\"><br \/>\n<\/a>[\/vc_column_text][\/vc_column][\/vc_row][vc_row css=&#8221;.vc_custom_1455449294231{margin-top: 30px !important;}&#8221;][vc_column][vc_column_text]Dans les proc\u00e9d\u00e9s de chauffage, l\u2019isolation est un facteur d\u00e9terminant mais souvent n\u00e9glig\u00e9. Une isolation ad\u00e9quate va permettre d\u2019atteindre rapidement les temp\u00e9ratures d\u2019op\u00e9ration et en assurera aussi le maintien. Nous offrons aussi le service d&#8217;inspection thermique pour identifier les pertes \u00e9nerg\u00e9tique encourue par de mauvaise isolation. Divers type d&#8217;isolation sont disponible.<\/p>\n<ul>\n<li>Laine de c\u00e9ramique<\/li>\n<li>Laine de silice<\/li>\n<li>Panneau de c\u00e9ramique.<\/li>\n<li>Peinture isolante.<\/li>\n<li>Des couvertures isolantes fait s\u00fbr mesure.<\/li>\n<li>Et plus encore.<\/li>\n<\/ul>\n<p>[\/vc_column_text][\/vc_column][\/vc_row]<\/p>","protected":false},"excerpt":{"rendered":"<p>[vc_row][vc_column width=&#8221;1\/2&#8243;][vc_column_text] [\/vc_column_text][\/vc_column][vc_column width=&#8221;1\/2&#8243;][vc_column_text] [\/vc_column_text][\/vc_column][\/vc_row][vc_row css=&#8221;.vc_custom_1455449294231{margin-top: 30px !important;}&#8221;][vc_column][vc_column_text]Dans les proc\u00e9d\u00e9s de chauffage, l\u2019isolation est un facteur d\u00e9terminant mais souvent n\u00e9glig\u00e9. Une isolation ad\u00e9quate va permettre d\u2019atteindre rapidement les temp\u00e9ratures d\u2019op\u00e9ration et en assurera aussi le maintien. Nous offrons aussi le service d&#8217;inspection thermique pour identifier les pertes \u00e9nerg\u00e9tique encourue par de mauvaise isolation. Divers type [&hellip;]<\/p>\n","protected":false},"author":1,"featured_media":1128,"parent":768,"menu_order":0,"comment_status":"closed","ping_status":"closed","template":"page-tpl_left_sidebar.php","meta":{"footnotes":""},"class_list":["post-783","page","type-page","status-publish","has-post-thumbnail","hentry"],"_links":{"self":[{"href":"https:\/\/logicthermal.com\/fr\/wp-json\/wp\/v2\/pages\/783","targetHints":{"allow":["GET"]}}],"collection":[{"href":"https:\/\/logicthermal.com\/fr\/wp-json\/wp\/v2\/pages"}],"about":[{"href":"https:\/\/logicthermal.com\/fr\/wp-json\/wp\/v2\/types\/page"}],"author":[{"embeddable":true,"href":"https:\/\/logicthermal.com\/fr\/wp-json\/wp\/v2\/users\/1"}],"replies":[{"embeddable":true,"href":"https:\/\/logicthermal.com\/fr\/wp-json\/wp\/v2\/comments?post=783"}],"version-history":[{"count":0,"href":"https:\/\/logicthermal.com\/fr\/wp-json\/wp\/v2\/pages\/783\/revisions"}],"up":[{"embeddable":true,"href":"https:\/\/logicthermal.com\/fr\/wp-json\/wp\/v2\/pages\/768"}],"wp:featuredmedia":[{"embeddable":true,"href":"https:\/\/logicthermal.com\/fr\/wp-json\/wp\/v2\/media\/1128"}],"wp:attachment":[{"href":"https:\/\/logicthermal.com\/fr\/wp-json\/wp\/v2\/media?parent=783"}],"curies":[{"name":"wp","href":"https:\/\/api.w.org\/{rel}","templated":true}]}}