{"id":824,"date":"2016-11-21T17:31:29","date_gmt":"2016-11-21T22:31:29","guid":{"rendered":"https:\/\/logicthermal.wpengine.com\/?page_id=824"},"modified":"2017-02-03T17:09:37","modified_gmt":"2017-02-03T22:09:37","slug":"controle","status":"publish","type":"page","link":"https:\/\/logicthermal.com\/fr\/produits2\/controle\/","title":{"rendered":"Contr\u00f4le"},"content":{"rendered":"<p>[vc_row][vc_column width=&#8221;1\/2&#8243;][vc_column_text]<img loading=\"lazy\" decoding=\"async\" class=\"alignnone wp-image-1132 size-medium\" src=\"https:\/\/logicthermal.wpengine.com\/wp-content\/uploads\/2016\/11\/shutterstock_339090110-300x200.jpg\" width=\"300\" height=\"200\" srcset=\"https:\/\/logicthermal.com\/wp-content\/uploads\/2016\/11\/shutterstock_339090110-300x200.jpg 300w, https:\/\/logicthermal.com\/wp-content\/uploads\/2016\/11\/shutterstock_339090110-768x512.jpg 768w, https:\/\/logicthermal.com\/wp-content\/uploads\/2016\/11\/shutterstock_339090110-1024x683.jpg 1024w, https:\/\/logicthermal.com\/wp-content\/uploads\/2016\/11\/shutterstock_339090110-900x600.jpg 900w, https:\/\/logicthermal.com\/wp-content\/uploads\/2016\/11\/shutterstock_339090110-409x273.jpg 409w, https:\/\/logicthermal.com\/wp-content\/uploads\/2016\/11\/shutterstock_339090110-555x370.jpg 555w, https:\/\/logicthermal.com\/wp-content\/uploads\/2016\/11\/shutterstock_339090110-471x314.jpg 471w, https:\/\/logicthermal.com\/wp-content\/uploads\/2016\/11\/shutterstock_339090110-653x435.jpg 653w\" sizes=\"auto, (max-width: 300px) 100vw, 300px\" \/><a class=\"gallery-1\" href=\"https:\/\/logicthermal.wwwsrc3.supercp.com\/wp-content\/uploads\/2016\/02\/construction_big.jpg\"><br \/>\n<\/a>[\/vc_column_text][\/vc_column][vc_column width=&#8221;1\/2&#8243;][vc_column_text]<img loading=\"lazy\" decoding=\"async\" class=\"alignnone wp-image-1133 size-medium\" src=\"https:\/\/logicthermal.wpengine.com\/wp-content\/uploads\/2016\/11\/shutterstock_272033507-300x198.jpg\" width=\"300\" height=\"198\" srcset=\"https:\/\/logicthermal.com\/wp-content\/uploads\/2016\/11\/shutterstock_272033507-300x198.jpg 300w, https:\/\/logicthermal.com\/wp-content\/uploads\/2016\/11\/shutterstock_272033507-768x507.jpg 768w, https:\/\/logicthermal.com\/wp-content\/uploads\/2016\/11\/shutterstock_272033507-1024x676.jpg 1024w, https:\/\/logicthermal.com\/wp-content\/uploads\/2016\/11\/shutterstock_272033507-900x594.jpg 900w, https:\/\/logicthermal.com\/wp-content\/uploads\/2016\/11\/shutterstock_272033507-409x270.jpg 409w, https:\/\/logicthermal.com\/wp-content\/uploads\/2016\/11\/shutterstock_272033507-555x366.jpg 555w, https:\/\/logicthermal.com\/wp-content\/uploads\/2016\/11\/shutterstock_272033507-471x311.jpg 471w, https:\/\/logicthermal.com\/wp-content\/uploads\/2016\/11\/shutterstock_272033507-653x431.jpg 653w\" sizes=\"auto, (max-width: 300px) 100vw, 300px\" \/><a class=\"gallery-1\" href=\"https:\/\/logicthermal.wwwsrc3.supercp.com\/wp-content\/uploads\/2016\/02\/construction-2.jpg\"><br \/>\n<\/a>[\/vc_column_text][\/vc_column][\/vc_row][vc_row css=&#8221;.vc_custom_1455449294231{margin-top: 30px !important;}&#8221;][vc_column][vc_column_text]Dans le souci d\u2019offrir \u00e0 ses clients une approche 360<sup>0<\/sup>, Logic Thermal est en mesure de fournir des solutions pour vos contr\u00f4les et vos thermocouples, la cl\u00e9 pour la qualit\u00e9 des proc\u00e9d\u00e9s. Nous pouvons vous offrir:<\/p>\n<ul>\n<li>Controleur de temp\u00e9rature.<\/li>\n<li>Thermocouple de type J, K, T, E, N, R ou S.<\/li>\n<li>Des tubes de protections.<\/li>\n<li>Des panneaux de contr\u00f4le complet.<\/li>\n<li>Fils de thermocouples.<\/li>\n<li>Enregistreurs de temp\u00e9rature.<\/li>\n<li>Calibration.<\/li>\n<li>Accessoires.<\/li>\n<\/ul>\n<p>[\/vc_column_text][\/vc_column][\/vc_row]<\/p>","protected":false},"excerpt":{"rendered":"<p>[vc_row][vc_column width=&#8221;1\/2&#8243;][vc_column_text] [\/vc_column_text][\/vc_column][vc_column width=&#8221;1\/2&#8243;][vc_column_text] [\/vc_column_text][\/vc_column][\/vc_row][vc_row css=&#8221;.vc_custom_1455449294231{margin-top: 30px !important;}&#8221;][vc_column][vc_column_text]Dans le souci d\u2019offrir \u00e0 ses clients une approche 3600, Logic Thermal est en mesure de fournir des solutions pour vos contr\u00f4les et vos thermocouples, la cl\u00e9 pour la qualit\u00e9 des proc\u00e9d\u00e9s. Nous pouvons vous offrir: Controleur de temp\u00e9rature. Thermocouple de type J, K, T, E, N, R [&hellip;]<\/p>\n","protected":false},"author":1,"featured_media":1131,"parent":768,"menu_order":0,"comment_status":"closed","ping_status":"closed","template":"page-tpl_left_sidebar.php","meta":{"footnotes":""},"class_list":["post-824","page","type-page","status-publish","has-post-thumbnail","hentry"],"_links":{"self":[{"href":"https:\/\/logicthermal.com\/fr\/wp-json\/wp\/v2\/pages\/824","targetHints":{"allow":["GET"]}}],"collection":[{"href":"https:\/\/logicthermal.com\/fr\/wp-json\/wp\/v2\/pages"}],"about":[{"href":"https:\/\/logicthermal.com\/fr\/wp-json\/wp\/v2\/types\/page"}],"author":[{"embeddable":true,"href":"https:\/\/logicthermal.com\/fr\/wp-json\/wp\/v2\/users\/1"}],"replies":[{"embeddable":true,"href":"https:\/\/logicthermal.com\/fr\/wp-json\/wp\/v2\/comments?post=824"}],"version-history":[{"count":0,"href":"https:\/\/logicthermal.com\/fr\/wp-json\/wp\/v2\/pages\/824\/revisions"}],"up":[{"embeddable":true,"href":"https:\/\/logicthermal.com\/fr\/wp-json\/wp\/v2\/pages\/768"}],"wp:featuredmedia":[{"embeddable":true,"href":"https:\/\/logicthermal.com\/fr\/wp-json\/wp\/v2\/media\/1131"}],"wp:attachment":[{"href":"https:\/\/logicthermal.com\/fr\/wp-json\/wp\/v2\/media?parent=824"}],"curies":[{"name":"wp","href":"https:\/\/api.w.org\/{rel}","templated":true}]}}