{"id":827,"date":"2016-11-21T17:32:19","date_gmt":"2016-11-21T22:32:19","guid":{"rendered":"https:\/\/logicthermal.wpengine.com\/?page_id=827"},"modified":"2017-02-03T17:13:00","modified_gmt":"2017-02-03T22:13:00","slug":"four-industriel","status":"publish","type":"page","link":"https:\/\/logicthermal.com\/fr\/produits2\/four-industriel\/","title":{"rendered":"Four Industriel"},"content":{"rendered":"<p>[vc_row][vc_column width=&#8221;1\/2&#8243;][vc_column_text]<img loading=\"lazy\" decoding=\"async\" class=\"alignnone size-medium wp-image-1136\" src=\"https:\/\/logicthermal.wpengine.com\/wp-content\/uploads\/2016\/11\/shutterstock_46080037-300x199.jpg\" alt=\"shutterstock_46080037\" width=\"300\" height=\"199\" srcset=\"https:\/\/logicthermal.com\/wp-content\/uploads\/2016\/11\/shutterstock_46080037-300x199.jpg 300w, https:\/\/logicthermal.com\/wp-content\/uploads\/2016\/11\/shutterstock_46080037-768x511.jpg 768w, https:\/\/logicthermal.com\/wp-content\/uploads\/2016\/11\/shutterstock_46080037-1024x681.jpg 1024w, https:\/\/logicthermal.com\/wp-content\/uploads\/2016\/11\/shutterstock_46080037-900x598.jpg 900w, https:\/\/logicthermal.com\/wp-content\/uploads\/2016\/11\/shutterstock_46080037-409x272.jpg 409w, https:\/\/logicthermal.com\/wp-content\/uploads\/2016\/11\/shutterstock_46080037-555x369.jpg 555w, https:\/\/logicthermal.com\/wp-content\/uploads\/2016\/11\/shutterstock_46080037-471x313.jpg 471w, https:\/\/logicthermal.com\/wp-content\/uploads\/2016\/11\/shutterstock_46080037-653x434.jpg 653w\" sizes=\"auto, (max-width: 300px) 100vw, 300px\" \/><a class=\"gallery-1\" href=\"https:\/\/logicthermal.wwwsrc3.supercp.com\/wp-content\/uploads\/2016\/02\/construction_big.jpg\"><br \/>\n<\/a>[\/vc_column_text][\/vc_column][vc_column width=&#8221;1\/2&#8243;][vc_column_text]<img loading=\"lazy\" decoding=\"async\" class=\"alignnone size-medium wp-image-1137\" src=\"https:\/\/logicthermal.wpengine.com\/wp-content\/uploads\/2016\/11\/shutterstock_54013225-300x200.jpg\" alt=\"shutterstock_54013225\" width=\"300\" height=\"200\" srcset=\"https:\/\/logicthermal.com\/wp-content\/uploads\/2016\/11\/shutterstock_54013225-300x200.jpg 300w, https:\/\/logicthermal.com\/wp-content\/uploads\/2016\/11\/shutterstock_54013225-768x512.jpg 768w, https:\/\/logicthermal.com\/wp-content\/uploads\/2016\/11\/shutterstock_54013225-1024x683.jpg 1024w, https:\/\/logicthermal.com\/wp-content\/uploads\/2016\/11\/shutterstock_54013225-900x600.jpg 900w, https:\/\/logicthermal.com\/wp-content\/uploads\/2016\/11\/shutterstock_54013225-409x273.jpg 409w, https:\/\/logicthermal.com\/wp-content\/uploads\/2016\/11\/shutterstock_54013225-555x370.jpg 555w, https:\/\/logicthermal.com\/wp-content\/uploads\/2016\/11\/shutterstock_54013225-471x314.jpg 471w, https:\/\/logicthermal.com\/wp-content\/uploads\/2016\/11\/shutterstock_54013225-653x436.jpg 653w\" sizes=\"auto, (max-width: 300px) 100vw, 300px\" \/><a class=\"gallery-1\" href=\"https:\/\/logicthermal.wwwsrc3.supercp.com\/wp-content\/uploads\/2016\/02\/construction-2.jpg\"><br \/>\n<\/a>[\/vc_column_text][\/vc_column][\/vc_row][vc_row css=&#8221;.vc_custom_1455449294231{margin-top: 30px !important;}&#8221;][vc_column][vc_column_text]Logic Thermal fabrique et con\u00e7oit des fours industriels sur mesure, pour toute temp\u00e9rature, allant de 100\u00b0 F ou 38\u00b0 C\u00a0 \u00e0 2957\u00b0 F ou 1625\u00b0C. De plus Logic thermal se sp\u00e9cialise dans la fabrication de bain de sel pour le traitement thermique. Nous r\u00e9parons tous type de four \u00e0 nos locaux ou \u00e0 votre emplacement.<\/p>\n<p>Logic thermal vend et ach\u00e8te des fours industriels usag\u00e9s. Contacter nous si vous avez un four a vendre.<\/p>\n<ul>\n<li><a href=\"\/fr\/produits2\/four-industriel\/bain-de-sel\/\">Bain de sel.<\/a><\/li>\n<li><a href=\"\/fr\/produits2\/four-industriel\/achat-et-vente-de-fours-usages\/\">Achat et vente de fours usag\u00e9s.<\/a><\/li>\n<\/ul>\n<p>[\/vc_column_text][\/vc_column][\/vc_row]<\/p>","protected":false},"excerpt":{"rendered":"<p>[vc_row][vc_column width=&#8221;1\/2&#8243;][vc_column_text] [\/vc_column_text][\/vc_column][vc_column width=&#8221;1\/2&#8243;][vc_column_text] [\/vc_column_text][\/vc_column][\/vc_row][vc_row css=&#8221;.vc_custom_1455449294231{margin-top: 30px !important;}&#8221;][vc_column][vc_column_text]Logic Thermal fabrique et con\u00e7oit des fours industriels sur mesure, pour toute temp\u00e9rature, allant de 100\u00b0 F ou 38\u00b0 C\u00a0 \u00e0 2957\u00b0 F ou 1625\u00b0C. De plus Logic thermal se sp\u00e9cialise dans la fabrication de bain de sel pour le traitement thermique. Nous r\u00e9parons tous type de four [&hellip;]<\/p>\n","protected":false},"author":1,"featured_media":1135,"parent":768,"menu_order":0,"comment_status":"closed","ping_status":"closed","template":"page-tpl_left_sidebar.php","meta":{"footnotes":""},"class_list":["post-827","page","type-page","status-publish","has-post-thumbnail","hentry"],"_links":{"self":[{"href":"https:\/\/logicthermal.com\/fr\/wp-json\/wp\/v2\/pages\/827","targetHints":{"allow":["GET"]}}],"collection":[{"href":"https:\/\/logicthermal.com\/fr\/wp-json\/wp\/v2\/pages"}],"about":[{"href":"https:\/\/logicthermal.com\/fr\/wp-json\/wp\/v2\/types\/page"}],"author":[{"embeddable":true,"href":"https:\/\/logicthermal.com\/fr\/wp-json\/wp\/v2\/users\/1"}],"replies":[{"embeddable":true,"href":"https:\/\/logicthermal.com\/fr\/wp-json\/wp\/v2\/comments?post=827"}],"version-history":[{"count":0,"href":"https:\/\/logicthermal.com\/fr\/wp-json\/wp\/v2\/pages\/827\/revisions"}],"up":[{"embeddable":true,"href":"https:\/\/logicthermal.com\/fr\/wp-json\/wp\/v2\/pages\/768"}],"wp:featuredmedia":[{"embeddable":true,"href":"https:\/\/logicthermal.com\/fr\/wp-json\/wp\/v2\/media\/1135"}],"wp:attachment":[{"href":"https:\/\/logicthermal.com\/fr\/wp-json\/wp\/v2\/media?parent=827"}],"curies":[{"name":"wp","href":"https:\/\/api.w.org\/{rel}","templated":true}]}}